{"id":8271,"date":"2024-08-07T21:21:30","date_gmt":"2024-08-07T19:21:30","guid":{"rendered":"https:\/\/godunaserbien.com\/leistungen\/"},"modified":"2026-04-24T10:58:02","modified_gmt":"2026-04-24T08:58:02","slug":"leistungen","status":"publish","type":"page","link":"https:\/\/godunaserbien.com\/de\/leistungen\/","title":{"rendered":"Leistungen"},"content":{"rendered":"\t\t<div data-elementor-type=\"wp-page\" data-elementor-id=\"8271\" class=\"elementor elementor-8271 elementor-6266 elementor-bc-flex-widget\" data-elementor-post-type=\"page\">\n\t\t\t\t\t\t<section class=\"elementor-section elementor-top-section elementor-element elementor-element-16f1dcd elementor-section-boxed elementor-section-height-default elementor-section-height-default\" data-id=\"16f1dcd\" data-element_type=\"section\">\n\t\t\t\t\t\t<div class=\"elementor-container elementor-column-gap-default\">\n\t\t\t\t\t<div class=\"elementor-column elementor-col-100 elementor-top-column elementor-element elementor-element-16f21b6\" data-id=\"16f21b6\" data-element_type=\"column\">\n\t\t\t<div class=\"elementor-widget-wrap elementor-element-populated\">\n\t\t\t\t\t\t<div class=\"elementor-element elementor-element-16f2565 elementor-widget elementor-widget-stm_services\" data-id=\"16f2565\" data-element_type=\"widget\" data-widget_type=\"stm_services.default\">\n\t\t\t\t<div class=\"elementor-widget-container\">\n\t\t\t\n    <div class=\"stm_services consulting_elementor_services style_6 cols_3\">\n                                <div class=\"item\">\n                <div class=\"item_wr\">\n                                                            <div class=\"content\" >\n                                                                            <h5>\n                                <a href=\"https:\/\/godunaserbien.com\/de\/service\/foreigners-affairs-in-serbia\/\"\n                                                                       class=\"text_decoration_none secondary_font_color_hv\">Ausl\u00e4nderangelegenheiten in Serbien<\/a>\n                            <\/h5>\n                                                                            <p>In einer zunehmend globalisierten Welt ist Serbien zu einem beliebten Ziel f\u00fcr Ausl\u00e4nder geworden, die Arbeit, vor\u00fcbergehenden Aufenthalt oder die Staatsb\u00fcrgerschaft zu suchen. Die rechtlichen Anforderungen und b\u00fcrokratischen Verfahren, die mit diesen Prozessen verbunden sind, kann f\u00fcr die Ausl\u00e4nder eine Herausforderung sein. Unsere umfassenden Dienstleistungen f\u00fcr Ausl\u00e4nderangelegenheiten sind darauf ausgelegt, Klienten bei der Beschaffung von<\/p>\n                                                                            <a class=\"read_more\"\n                               href=\"https:\/\/godunaserbien.com\/de\/service\/foreigners-affairs-in-serbia\/\" >\n                                <span>mehr erfahren:<\/span>\n                                <i class=\" fa fa-chevron-right stm_icon\"><\/i>\n                            <\/a>\n                                            <\/div>\n                <\/div>\n            <\/div>\n                                <div class=\"item\">\n                <div class=\"item_wr\">\n                                                            <div class=\"content\" >\n                                                                            <h5>\n                                <a href=\"https:\/\/godunaserbien.com\/de\/service\/firmengruendung-in-serbien\/\"\n                                                                       class=\"text_decoration_none secondary_font_color_hv\">Firmengr\u00fcndung in Serbien<\/a>\n                            <\/h5>\n                                                                            <p>Serbien wird f\u00fcr Unternehmer und Unternehmen, die ihre Gesch\u00e4ftst\u00e4tigkeit in Europa ausweiten m\u00f6chten, zunehmend zu einem attraktiven Ziel. Dank seiner strategischen Lage, g\u00fcnstigen Steuerpolitik und einer wachsenden Wirtschaft bietet Serbien Investoren zahlreiche Vorteile. Die Schritte, die zur Gr\u00fcndung eines Unternehmens unternommen werden m\u00fcssen, sind: Firmenregistrierung Die Unternehmensregistrierung ist der erste Schritt bei der Gr\u00fcndung eines<\/p>\n                                                                            <a class=\"read_more\"\n                               href=\"https:\/\/godunaserbien.com\/de\/service\/firmengruendung-in-serbien\/\" >\n                                <span>mehr erfahren:<\/span>\n                                <i class=\" fa fa-chevron-right stm_icon\"><\/i>\n                            <\/a>\n                                            <\/div>\n                <\/div>\n            <\/div>\n                                <div class=\"item\">\n                <div class=\"item_wr\">\n                                                            <div class=\"content\" >\n                                                                            <h5>\n                                <a href=\"https:\/\/godunaserbien.com\/de\/service\/business-documentation\/\"\n                                                                       class=\"text_decoration_none secondary_font_color_hv\">Gesch\u00e4ftsdokumentation<\/a>\n                            <\/h5>\n                                                                            <p>Die Pflege genauer und umfassender Gesch\u00e4ftsdokumentation ist f\u00fcr die Gew\u00e4hrleistung betrieblicher Effizienz, Einhaltung gesetzlicher Vorschriften und effektiver Entscheidungsfindung unerl\u00e4sslich. Unsere umfassenden Dienstleistungen zur Gesch\u00e4ftsdokumentation sind darauf ausgelegt, Unternehmen in Serbien bei all ihren Dokumentationsanforderungen zu unterst\u00fctzen, von der Einhaltung gesetzlicher und finanzieller Vorschriften bis hin zur strategischen Planung und internen Verwaltung.\u00a0 Unsere Dienstleistungen im Bereich<\/p>\n                                                                            <a class=\"read_more\"\n                               href=\"https:\/\/godunaserbien.com\/de\/service\/business-documentation\/\" >\n                                <span>mehr erfahren:<\/span>\n                                <i class=\" fa fa-chevron-right stm_icon\"><\/i>\n                            <\/a>\n                                            <\/div>\n                <\/div>\n            <\/div>\n                                <div class=\"item\">\n                <div class=\"item_wr\">\n                                                            <div class=\"content\" >\n                                                                            <h5>\n                                <a href=\"https:\/\/godunaserbien.com\/de\/service\/legal-consulting\/\"\n                                                                       class=\"text_decoration_none secondary_font_color_hv\">Rechtsberatung<\/a>\n                            <\/h5>\n                                                                            <p>Um sich in der Rechtslandschaft Serbiens zurechtzufinden, ist eine fachkundige Beratung erforderlich, um die Einhaltung der Vorschriften sicherzustellen und Gesch\u00e4ftsinteressen zu sch\u00fctzen. Unsere umfassenden Rechtsberatungsdienste decken alle wichtigen Aspekte des Gesch\u00e4ftsbetriebs ab, einschlie\u00dflich Handelsregistereintragung, Fusionen und \u00dcbernahmen (M&amp;A), \u00c4nderungen der Eigent\u00fcmerstruktur, Unternehmensliquidation, Aufenthalts- und Arbeitsgenehmigungen, Arbeitsrecht, Immobilienkauf und mehr. Fusionen und \u00dcbernahmen (M&#038;A) Fusionen und<\/p>\n                                                                            <a class=\"read_more\"\n                               href=\"https:\/\/godunaserbien.com\/de\/service\/legal-consulting\/\" >\n                                <span>mehr erfahren:<\/span>\n                                <i class=\" fa fa-chevron-right stm_icon\"><\/i>\n                            <\/a>\n                                            <\/div>\n                <\/div>\n            <\/div>\n                                <div class=\"item\">\n                <div class=\"item_wr\">\n                                                            <div class=\"content\" >\n                                                                            <h5>\n                                <a href=\"https:\/\/godunaserbien.com\/de\/service\/steuerberatung\/\"\n                                                                       class=\"text_decoration_none secondary_font_color_hv\">Steuerberatung<\/a>\n                            <\/h5>\n                                                                            <p>Um sich im komplexen serbischen Steuersystem zurechtzufinden, sind Expertenwissen und strategische Planung erforderlich. Unsere Steuerberatungsdienste sind darauf ausgelegt, Privatpersonen und Unternehmen dabei zu helfen, ihre Steuersituation zu optimieren, lokale Vorschriften einzuhalten und finanzielle Effizienz zu erreichen. Jahressteuer Die Jahressteuer in Serbien gilt f\u00fcr Einzelpersonen mit erheblichem Verm\u00f6gen, einschlie\u00dflich Immobilien, Ersparnissen, Investitionen und anderen wertvollen Besitzt\u00fcmern.<\/p>\n                                                                            <a class=\"read_more\"\n                               href=\"https:\/\/godunaserbien.com\/de\/service\/steuerberatung\/\" >\n                                <span>mehr erfahren:<\/span>\n                                <i class=\" fa fa-chevron-right stm_icon\"><\/i>\n                            <\/a>\n                                            <\/div>\n                <\/div>\n            <\/div>\n                                <div class=\"item\">\n                <div class=\"item_wr\">\n                                                            <div class=\"content\" >\n                                                                            <h5>\n                                <a href=\"https:\/\/godunaserbien.com\/de\/service\/bookkeeping\/\"\n                                                                       class=\"text_decoration_none secondary_font_color_hv\">Buchhaltung<\/a>\n                            <\/h5>\n                                                                            <p>Eine effektive Buchf\u00fchrung ist f\u00fcr jedes Unternehmen von entscheidender Bedeutung, da sie genaue Finanzunterlagen, die Einhaltung lokaler Vorschriften und fundierte Entscheidungen gew\u00e4hrleistet. In Serbien umfasst ein gut strukturiertes Buchf\u00fchrungssystem die Verrechnungspreise, die Hauptbuchf\u00fchrung, die Berechnung der Mehrwertsteuer, die Erstellung von Jahresabschl\u00fcssen, die Lohn- und Gehaltsabrechnung sowie die Abgabe von Steuererkl\u00e4rungen. Hauptbuchhaltung Das Hauptbuch ist der<\/p>\n                                                                            <a class=\"read_more\"\n                               href=\"https:\/\/godunaserbien.com\/de\/service\/bookkeeping\/\" >\n                                <span>mehr erfahren:<\/span>\n                                <i class=\" fa fa-chevron-right stm_icon\"><\/i>\n                            <\/a>\n                                            <\/div>\n                <\/div>\n            <\/div>\n            <\/div>\n\t\t<\/div>\n\t\t\t\t<\/div>\n\t\t\t\t\t<\/div>\n\t\t<\/div>\n\t\t\t\t\t<\/div>\n\t\t<\/section>\n\t\t\t\t<\/div>\n\t\t","protected":false},"excerpt":{"rendered":"<p>[vc_row][vc_column][stm_services posts_per_page=&#8221;12&#8243; posts_per_row=&#8221;3&#8243; img_size=&#8221;360&#215;180&#8243; style=&#8221;style_6&#8243;][\/vc_column][\/vc_row]<\/p>\n","protected":false},"author":1,"featured_media":0,"parent":0,"menu_order":0,"comment_status":"closed","ping_status":"closed","template":"","meta":{"two_page_speed":[],"footnotes":""},"class_list":["post-8271","page","type-page","status-publish","hentry"],"_links":{"self":[{"href":"https:\/\/godunaserbien.com\/de\/wp-json\/wp\/v2\/pages\/8271","targetHints":{"allow":["GET"]}}],"collection":[{"href":"https:\/\/godunaserbien.com\/de\/wp-json\/wp\/v2\/pages"}],"about":[{"href":"https:\/\/godunaserbien.com\/de\/wp-json\/wp\/v2\/types\/page"}],"author":[{"embeddable":true,"href":"https:\/\/godunaserbien.com\/de\/wp-json\/wp\/v2\/users\/1"}],"replies":[{"embeddable":true,"href":"https:\/\/godunaserbien.com\/de\/wp-json\/wp\/v2\/comments?post=8271"}],"version-history":[{"count":2,"href":"https:\/\/godunaserbien.com\/de\/wp-json\/wp\/v2\/pages\/8271\/revisions"}],"predecessor-version":[{"id":10431,"href":"https:\/\/godunaserbien.com\/de\/wp-json\/wp\/v2\/pages\/8271\/revisions\/10431"}],"wp:attachment":[{"href":"https:\/\/godunaserbien.com\/de\/wp-json\/wp\/v2\/media?parent=8271"}],"curies":[{"name":"wp","href":"https:\/\/api.w.org\/{rel}","templated":true}]}}