{"id":8812,"date":"2024-08-21T12:16:05","date_gmt":"2024-08-21T12:16:05","guid":{"rendered":"https:\/\/godunaserbien.com\/?page_id=8812"},"modified":"2026-04-30T12:39:40","modified_gmt":"2026-04-30T10:39:40","slug":"privacy-policy-duplicate","status":"publish","type":"page","link":"https:\/\/godunaserbien.com\/de\/privacy-policy-duplicate\/","title":{"rendered":"Datenschutz-Richtlinie"},"content":{"rendered":"\t\t<div data-elementor-type=\"wp-page\" data-elementor-id=\"8812\" class=\"elementor elementor-8812\" data-elementor-post-type=\"page\">\n\t\t\t\t<div class=\"elementor-element elementor-element-0e9fc1f e-flex e-con-boxed e-con e-parent\" data-id=\"0e9fc1f\" data-element_type=\"container\">\n\t\t\t\t\t<div class=\"e-con-inner\">\n\t\t\t\t<div class=\"elementor-element elementor-element-d3cdc84 elementor-widget elementor-widget-text-editor\" data-id=\"d3cdc84\" data-element_type=\"widget\" data-widget_type=\"text-editor.default\">\n\t\t\t\t<div class=\"elementor-widget-container\">\n\t\t\t<style>\/*! elementor - v3.22.0 - 26-06-2024 *\/\n.elementor-widget-text-editor.elementor-drop-cap-view-stacked .elementor-drop-cap{background-color:#69727d;color:#fff}.elementor-widget-text-editor.elementor-drop-cap-view-framed .elementor-drop-cap{color:#69727d;border:3px solid;background-color:transparent}.elementor-widget-text-editor:not(.elementor-drop-cap-view-default) .elementor-drop-cap{margin-top:8px}.elementor-widget-text-editor:not(.elementor-drop-cap-view-default) .elementor-drop-cap-letter{width:1em;height:1em}.elementor-widget-text-editor .elementor-drop-cap{float:left;text-align:center;line-height:1;font-size:50px}.elementor-widget-text-editor .elementor-drop-cap-letter{display:inline-block}<\/style>\t\t\t\t<div>\n<div dir=\"auto\" data-message-author-role=\"assistant\" data-message-id=\"acdacedd-30d5-41b8-8446-0a81d39eb417\">\n<div>\n<div>\n<p>Wir sind verpflichtet, die Richtigkeit, Vertraulichkeit und Sicherheit Ihrer personenbezogenen Daten (\u201ePersonenbezogene Daten\u201c) zu gew\u00e4hrleisten.<\/p>\n<\/div>\n<\/div>\n<\/div>\n<\/div>\n<h2>Einf\u00fchrung<\/h2>\n<div>\n<div dir=\"auto\" data-message-author-role=\"assistant\" data-message-id=\"8f87e1a9-740c-4723-87d0-41f8b93ed5b1\">\n<div>\n<div>\n<p>Wir sind verantwortlich f\u00fcr die Pflege und den Schutz der uns anvertrauten personenbezogenen Daten. Wir haben eine oder mehrere Personen benannt, die f\u00fcr die Einhaltung unserer Datenschutzrichtlinie verantwortlich sind.<\/p>\n<\/div>\n<\/div>\n<\/div>\n<\/div>\n<h2>Zwecke der Identifizierung<\/h2>\n<p>Wir erheben, verwenden und offenbaren personenbezogene Daten, um Ihnen das von Ihnen angeforderte Produkt oder die Dienstleistung bereitzustellen und Ihnen zus\u00e4tzliche Produkte und Dienstleistungen anzubieten, an denen Sie m\u00f6glicherweise interessiert sein k\u00f6nnten. Die Zwecke, f\u00fcr die wir personenbezogene Daten erheben, werden vor oder zum Zeitpunkt der Erhebung der Daten angegeben.<\/p>\n<h2>Zustimmung<\/h2>\n<p>Bei Goduna sch\u00e4tzen wir Ihre Privatsph\u00e4re und sind verpflichtet, Ihre pers\u00f6nlichen Daten zu sch\u00fctzen. Diese Datenschutzrichtlinie beschreibt, wie wir Ihre Daten erheben, verwenden und sch\u00fctzen, wenn Sie unsere Website besuchen oder unsere Dienste nutzen. Durch den Zugriff auf oder die Nutzung unserer Website stimmen Sie den Bedingungen dieser Richtlinie zu.<\/p>\n<p>Wissen und Zustimmung sind erforderlich f\u00fcr die Erhebung, Verwendung oder Offenlegung personenbezogener Daten, es sei denn, es ist gesetzlich erforderlich oder erlaubt. Die Bereitstellung Ihrer personenbezogenen Daten ist immer Ihre Entscheidung. Ihre Entscheidung, bestimmte Informationen nicht bereitzustellen, kann jedoch unsere F\u00e4higkeit einschr\u00e4nken, Ihnen unsere Produkte oder Dienstleistungen anzubieten. Wir werden nicht verlangen, dass Sie der Erhebung, Verwendung oder Offenlegung personenbezogener Daten zustimmen, es sei denn, es ist erforderlich, um das Produkt oder die Dienstleistung bereitzustellen.<\/p>\n<h2>Einschr\u00e4nkung der Erhebung<\/h2>\n<p>Die erhobenen personenbezogenen Daten werden auf die f\u00fcr die von uns festgelegten Zwecke notwendigen Details beschr\u00e4nkt. Mit Ihrer Zustimmung k\u00f6nnen wir personenbezogene Daten pers\u00f6nlich, telefonisch oder durch Korrespondenz per Post, Fax oder \u00fcber das Internet von Ihnen erheben.<\/p>\n<h2>Einschr\u00e4nkung der Verwendung, Offenlegung und Aufbewahrung<\/h2>\n<p>Personenbezogene Daten d\u00fcrfen nur f\u00fcr den Zweck verwendet oder offengelegt werden, f\u00fcr den sie erhoben wurden, es sei denn, Sie haben anderweitig eingewilligt oder es ist gesetzlich erforderlich oder erlaubt. Personenbezogene Daten werden nur so lange aufbewahrt, wie es erforderlich ist, um den Zweck zu erf\u00fcllen, f\u00fcr den wir sie erhoben haben, oder wie es gesetzlich vorgeschrieben ist.<\/p>\n<h2>Genauigkeit<\/h2>\n<p>Personenbezogene Daten werden in einer Form aufbewahrt, die so genau, vollst\u00e4ndig und aktuell ist, wie es notwendig ist, um die Zwecke zu erf\u00fcllen, f\u00fcr die sie verwendet werden sollen.<\/p>\n<h2>Schutz von Kundeninformationen<\/h2>\n<p>Personenbezogene Daten werden durch Sicherheitsma\u00dfnahmen gesch\u00fctzt, die dem Sensitivit\u00e4tsgrad der Daten angemessen sind. Wir treffen alle angemessenen Vorkehrungen, um Ihre personenbezogenen Daten vor Verlust oder unbefugter Nutzung, Zugriff oder Offenlegung zu sch\u00fctzen.<\/p>\n<h2>Informationen, die wir erheben<\/h2>\n<p><strong>Pers\u00f6nliche Informationen<\/strong><\/p>\n<p>\u2022 Name<\/p>\n<p>\u2022 Email-Adresse<\/p>\n<p>\u2022 Telefonnummer<\/p>\n<p><strong>Nutzungsdaten:<\/strong><\/p>\n<p>\u2022 IP-Adresse<\/p>\n<p>\u2022 Browsertyp<\/p>\n<p>\u2022 Betriebssystem<\/p>\n<p>\u2022 Aufgerufene Seiten auf unserer Website<\/p>\n<p>\u2022 Datum und Uhrzeit des Besuchs<\/p>\n<p>\u2022 Herkunftsquelle<\/p>\n<h2>Wie wir Ihre Informationen verwenden<\/h2>\n<p>Wir verwenden Ihre Informationen, um unsere Dienstleistungen bereitzustellen, zu verbessern und zu personalisieren, einschlie\u00dflich:<\/p>\n<p><strong>Dienstbereitstellung:<\/strong><\/p>\n<p>\u2022 Bearbeitung von Transaktionen<\/p>\n<p>\u2022 Verwaltung Ihres Kontos<\/p>\n<p>\u2022 Beantwortung Ihrer Anfragen<\/p>\n<p><strong>Website-Verbesserung:<\/strong><\/p>\n<p>\u2022 Nutzungsdaten analysieren, um die Funktionalit\u00e4t und Benutzererfahrung der Website zu verbessern<\/p>\n<p>\u2022 Inhalte basierend auf Ihren Vorlieben anpassen<\/p>\n<p><strong>Marketing und Kommunikation:<\/strong><\/p>\n<div>\n<div dir=\"auto\" data-message-author-role=\"assistant\" data-message-id=\"8124fea0-606d-4c88-861a-bbc20ab77236\">\n<div>\n<div>\n<p>\u2022 Versenden von Werbematerialien und Updates (mit Ihrer Zustimmung)<\/p>\n<p>\u2022 Sie \u00fcber \u00c4nderungen unserer Dienstleistungen oder Richtlinien informieren<\/p>\n<\/div>\n<\/div>\n<\/div>\n<\/div>\n<p><strong>Rechtliche Einhaltung:<\/strong><\/p>\n<p>\u2022 Einhaltung gesetzlicher Verpflichtungen und regulatorischer Anforderungen<\/p>\n<p>\u2022 Betrugspr\u00e4vention und Gew\u00e4hrleistung der Sicherheit<\/p>\n<h2>Ihre Zustimmung<\/h2>\n<div>\n<div dir=\"auto\" data-message-author-role=\"assistant\" data-message-id=\"be60e45f-8405-497e-8f2b-0f9ea783386d\">\n<div>\n<div>\n<p>Durch die Nutzung unserer Website stimmen Sie der Erhebung, Verwendung und Weitergabe Ihrer pers\u00f6nlichen Informationen gem\u00e4\u00df dieser Einwilligungsrichtlinie zu. Sie haben das Recht, Ihre Zustimmung jederzeit zu widerrufen, vorbehaltlich gesetzlicher oder vertraglicher Einschr\u00e4nkungen. Um Ihre Zustimmung zu widerrufen, kontaktieren Sie uns bitte unter <a rel=\"noopener\">office@godunaserbien.com<\/a>.<\/p>\n<\/div>\n<\/div>\n<\/div>\n<\/div>\n<h2>Ihre Rechte<\/h2>\n<p>You have certain rights regarding your personal information, including:<\/p>\n<ol>\n<li><strong>Zugriff:<\/strong> Sie k\u00f6nnen Zugriff auf Ihre personenbezogenen Daten anfordern und Informationen dar\u00fcber erhalten, wie wir diese verarbeiten.\n<p><strong>Berichtigung:<\/strong>\u00a0Sie k\u00f6nnen die Korrektur unrichtiger oder unvollst\u00e4ndiger personenbezogener Daten verlangen.<\/p>\n<p><strong>L\u00f6schung<\/strong>: Sie k\u00f6nnen unter bestimmten Umst\u00e4nden die L\u00f6schung Ihrer personenbezogenen Daten verlangen.<\/p>\n<p><strong>Einschr\u00e4nkung<\/strong>: Sie k\u00f6nnen unter bestimmten Bedingungen die Einschr\u00e4nkung der Verarbeitung Ihrer personenbezogenen Daten verlangen.<\/p>\n<p><strong>Daten\u00fcbertragbarkeit:<\/strong> Sie k\u00f6nnen den Transfer Ihrer personenbezogenen Daten an eine andere Organisation verlangen.<\/p>\n<p><strong>Widerspruch:<\/strong>\u00a0Sie k\u00f6nnen der Verarbeitung Ihrer personenbezogenen Daten zu Direktmarketingzwecken oder aus Gr\u00fcnden, die sich aus Ihrer besonderen Situation ergeben, widersprechen.<\/p>\n<\/li>\n<\/ol>\n<p>Um eines dieser Rechte auszu\u00fcben, kontaktieren Sie uns bitte unter <a rel=\"noopener\">office@godunaserbien.com<\/a>.<\/p>\n<h2>Wir verwenden Cookies<\/h2>\n<p>Ein Cookie ist eine kleine Computerdatei oder Information, die auf der Festplatte Ihres Computers gespeichert werden kann, wenn Sie unsere Websites besuchen. Wir k\u00f6nnen Cookies verwenden, um die Funktionalit\u00e4t unserer Website zu verbessern und in einigen F\u00e4llen, um den Besuchern eine individuell angepasste Online-Erfahrung zu bieten.<\/p>\n<p>Cookies werden weit verbreitet verwendet und die meisten Webbrowser sind standardm\u00e4\u00dfig so konfiguriert, dass sie Cookies automatisch akzeptieren. Sie k\u00f6nnen die Einstellungen Ihres Internetbrowsers \u00e4ndern, um zu verhindern, dass Ihr Computer Cookies akzeptiert, oder um benachrichtigt zu werden, wenn Sie ein Cookie erhalten, damit Sie dessen Annahme ablehnen k\u00f6nnen. Bitte beachten Sie jedoch, dass Sie m\u00f6glicherweise nicht die optimale Leistung unserer Website erleben, wenn Sie Cookies deaktivieren.<\/p>\n<p>F\u00fcr weitere Informationen besuchen Sie bitte unsere<\/p>\n<p><a href=\"https:\/\/godunaserbien.com\/cookie-policy\/\">Cookie-Richtlinie page<\/a>.\u00a0<\/p>\n<h2>Andere Websites<\/h2>\n<p>Unsere Website kann Links zu anderen Websites von Drittanbietern enthalten, die nicht durch diese Datenschutzerkl\u00e4rung geregelt sind. Obwohl wir uns bem\u00fchen, nur auf Websites mit hohen Datenschutzstandards zu verlinken, gilt unsere Datenschutzerkl\u00e4rung nicht mehr, sobald Sie unsere Website verlassen. Zudem sind wir nicht f\u00fcr die Datenschutzpraktiken von Drittanbieter-Websites verantwortlich. Daher empfehlen wir Ihnen, die Datenschutzerkl\u00e4rungen dieser Websites zu \u00fcberpr\u00fcfen, um zu erfahren, wie Ihre Informationen gesammelt, verwendet, weitergegeben und offengelegt werden.<\/p>\n<h2>\u00c4nderungen dieser Einwilligungserkl\u00e4rung<\/h2>\n<div class=\"flex max-w-full flex-col flex-grow\">\n<div class=\"min-h-[20px] text-message flex w-full flex-col items-end gap-2 break-words [.text-message+&amp;]:mt-5 overflow-x-auto whitespace-normal\" dir=\"auto\" data-message-author-role=\"assistant\" data-message-id=\"071b6df6-9c43-4cf4-a557-4273a1c5d295\">\n<div class=\"flex w-full flex-col gap-1 empty:hidden first:pt-[3px]\">\n<div class=\"markdown prose w-full break-words dark:prose-invert light\">\n<p>Wir k\u00f6nnen diese Einwilligungserkl\u00e4rung von Zeit zu Zeit aktualisieren, um \u00c4nderungen in unseren Praktiken oder gesetzlichen Anforderungen zu ber\u00fccksichtigen. Wir werden Sie \u00fcber wesentliche \u00c4nderungen informieren, indem wir die neue Richtlinie auf unserer Website ver\u00f6ffentlichen und das Datum des Inkrafttretens oben in dieser Richtlinie aktualisieren.<\/p>\n<\/div>\n<\/div>\n<\/div>\n<\/div>\n<h2>Kontaktieren Sie uns<\/h2>\n<div class=\"flex max-w-full flex-col flex-grow\">\n<div class=\"min-h-[20px] text-message flex w-full flex-col items-end gap-2 break-words [.text-message+&amp;]:mt-5 overflow-x-auto whitespace-normal\" dir=\"auto\" data-message-author-role=\"assistant\" data-message-id=\"59ce0779-38d3-43a2-a3a7-8cb9bc8ba6f0\">\n<div class=\"flex w-full flex-col gap-1 empty:hidden first:pt-[3px]\">\n<div class=\"markdown prose w-full break-words dark:prose-invert light\">\n<p>If you have any questions or concerns about this Consent Policy or our data practices, please contact us at:<\/p>\n<p>Goduna<br \/>Ivankova\u010dka 16<br \/>35210 Svilajnac, Serbia<br \/><a rel=\"noopener\">office@godunaserbien.com<\/a><br \/>+381631566280<\/p>\n<\/div>\n<\/div>\n<\/div>\n<\/div>\n<h2>Best\u00e4tigung<\/h2>\n<p>Durch die Nutzung unserer Website best\u00e4tigen Sie, dass Sie diese Einwilligungserkl\u00e4rung gelesen und verstanden haben und den darin enthaltenen Bedingungen zustimmen.<\/p>\n\t\t\t\t\t\t<\/div>\n\t\t\t\t<\/div>\n\t\t\t\t\t<\/div>\n\t\t\t\t<\/div>\n\t\t\t\t<\/div>\n\t\t","protected":false},"excerpt":{"rendered":"<p>Wir sind verpflichtet, die Richtigkeit, Vertraulichkeit und Sicherheit Ihrer personenbezogenen Daten (\u201ePersonenbezogene Daten\u201c) zu gew\u00e4hrleisten. Einf\u00fchrung Wir sind verantwortlich f\u00fcr die Pflege und den Schutz der uns anvertrauten personenbezogenen Daten. Wir haben eine oder mehrere Personen benannt, die f\u00fcr die Einhaltung unserer Datenschutzrichtlinie verantwortlich sind. Zwecke der Identifizierung Wir erheben, verwenden und offenbaren personenbezogene Daten,<\/p>\n","protected":false},"author":1,"featured_media":0,"parent":0,"menu_order":0,"comment_status":"closed","ping_status":"closed","template":"","meta":{"two_page_speed":[],"footnotes":""},"class_list":["post-8812","page","type-page","status-publish","hentry"],"_links":{"self":[{"href":"https:\/\/godunaserbien.com\/de\/wp-json\/wp\/v2\/pages\/8812","targetHints":{"allow":["GET"]}}],"collection":[{"href":"https:\/\/godunaserbien.com\/de\/wp-json\/wp\/v2\/pages"}],"about":[{"href":"https:\/\/godunaserbien.com\/de\/wp-json\/wp\/v2\/types\/page"}],"author":[{"embeddable":true,"href":"https:\/\/godunaserbien.com\/de\/wp-json\/wp\/v2\/users\/1"}],"replies":[{"embeddable":true,"href":"https:\/\/godunaserbien.com\/de\/wp-json\/wp\/v2\/comments?post=8812"}],"version-history":[{"count":17,"href":"https:\/\/godunaserbien.com\/de\/wp-json\/wp\/v2\/pages\/8812\/revisions"}],"predecessor-version":[{"id":10571,"href":"https:\/\/godunaserbien.com\/de\/wp-json\/wp\/v2\/pages\/8812\/revisions\/10571"}],"wp:attachment":[{"href":"https:\/\/godunaserbien.com\/de\/wp-json\/wp\/v2\/media?parent=8812"}],"curies":[{"name":"wp","href":"https:\/\/api.w.org\/{rel}","templated":true}]}}