{"id":8817,"date":"2024-08-21T12:17:31","date_gmt":"2024-08-21T12:17:31","guid":{"rendered":"https:\/\/godunaserbien.com\/?page_id=8817"},"modified":"2026-04-30T12:39:29","modified_gmt":"2026-04-30T10:39:29","slug":"cookie-policy-duplicate","status":"publish","type":"page","link":"https:\/\/godunaserbien.com\/de\/cookie-policy-duplicate\/","title":{"rendered":"Cookie-Richtlinie"},"content":{"rendered":"\t\t<div data-elementor-type=\"wp-page\" data-elementor-id=\"8817\" class=\"elementor elementor-8817\" data-elementor-post-type=\"page\">\n\t\t\t\t<div class=\"elementor-element elementor-element-bb7971b e-flex e-con-boxed e-con e-parent\" data-id=\"bb7971b\" data-element_type=\"container\">\n\t\t\t\t\t<div class=\"e-con-inner\">\n\t\t\t\t<div class=\"elementor-element elementor-element-6e7b5c3 elementor-widget elementor-widget-text-editor\" data-id=\"6e7b5c3\" data-element_type=\"widget\" data-widget_type=\"text-editor.default\">\n\t\t\t\t<div class=\"elementor-widget-container\">\n\t\t\t<style>\/*! elementor - v3.22.0 - 26-06-2024 *\/\n.elementor-widget-text-editor.elementor-drop-cap-view-stacked .elementor-drop-cap{background-color:#69727d;color:#fff}.elementor-widget-text-editor.elementor-drop-cap-view-framed .elementor-drop-cap{color:#69727d;border:3px solid;background-color:transparent}.elementor-widget-text-editor:not(.elementor-drop-cap-view-default) .elementor-drop-cap{margin-top:8px}.elementor-widget-text-editor:not(.elementor-drop-cap-view-default) .elementor-drop-cap-letter{width:1em;height:1em}.elementor-widget-text-editor .elementor-drop-cap{float:left;text-align:center;line-height:1;font-size:50px}.elementor-widget-text-editor .elementor-drop-cap-letter{display:inline-block}<\/style>\t\t\t\t<div class=\"flex max-w-full flex-col flex-grow\">\n<div class=\"min-h-[20px] text-message flex w-full flex-col items-end gap-2 break-words [.text-message+&amp;]:mt-5 overflow-x-auto whitespace-normal\" dir=\"auto\" data-message-author-role=\"assistant\" data-message-id=\"00c778ce-806d-4ed2-94ae-f901cab9be7b\">\n<div class=\"flex w-full flex-col gap-1 empty:hidden first:pt-[3px]\">\n<div class=\"markdown prose w-full break-words dark:prose-invert light\">\n<p>Ein Cookie ist eine kleine Computerdatei oder Information, die auf der Festplatte Ihres Computers gespeichert werden kann, wenn Sie unsere Websites besuchen. Wir k\u00f6nnen Cookies verwenden, um die Funktionalit\u00e4t unserer Website zu verbessern und in einigen F\u00e4llen, um den Besuchern eine individuell angepasste Online-Erfahrung zu bieten.<\/p>\n<\/div>\n<\/div>\n<\/div>\n<\/div>\n<p>Wir verwenden Cookies, um Ihnen eine effiziente Navigation zu erm\u00f6glichen und bestimmte Funktionen auszuf\u00fchren. Detaillierte Informationen \u00fcber alle Cookies finden Sie unten in jeder Zustimmungskategorie.<\/p>\n<p>Die als \u201eNotwendig\u201c kategorisierten Cookies werden in Ihrem Browser gespeichert, da sie f\u00fcr die grundlegenden Funktionen der Website unerl\u00e4sslich sind.<\/p>\n<p>Wir verwenden auch Cookies von Drittanbietern, die uns helfen, zu analysieren, wie Sie diese Website nutzen, Ihre Pr\u00e4ferenzen zu speichern und Inhalte sowie Werbung bereitzustellen, die f\u00fcr Sie relevant sind. Diese Cookies werden nur mit Ihrer vorherigen Zustimmung in Ihrem Browser gespeichert.<\/p>\n<p>Sie k\u00f6nnen entscheiden, einige oder alle dieser Cookies zu aktivieren oder zu deaktivieren, aber das Deaktivieren einiger von ihnen kann Ihre Browsing-Erfahrung beeintr\u00e4chtigen.<\/p>\n<h2>Notwendig &#8211; Immer Aktiv<\/h2>\n<p>(cookieyes-consent, wpEmojiSettingsSupports, rc::a, rc::c)<\/p>\n<p>Notwendige Cookies sind erforderlich, um die grundlegenden Funktionen dieser Website zu erm\u00f6glichen, wie z.B. die sichere Anmeldung oder das Anpassen Ihrer Zustimmungseinstellungen. Diese Cookies speichern keine personenbezogenen Daten.<\/p>\n<h2>Funktional<\/h2>\n<p>Funktionale Cookies helfen bei der Ausf\u00fchrung bestimmter Funktionen, wie dem Teilen der Inhalte der Website auf sozialen Medien, dem Sammeln von Feedback und anderen Funktionen von Drittanbietern.<\/p>\n<h2>Analyse (<em>ga<\/em>*, _ga, _gcl_au)<\/h2>\n<p>Analytische Cookies werden verwendet, um zu verstehen, wie Besucher mit der Website interagieren. Diese Cookies helfen dabei, Informationen zu Metriken wie der Anzahl der Besucher, der Absprungrate, der Traffic-Quelle usw. bereitzustellen.<\/p>\n<h2>Leistung<\/h2>\n<p>Leistungs-Cookies werden verwendet, um die wichtigsten Leistungskennzahlen der Website zu verstehen und zu analysieren, was hilft, den Besuchern eine bessere Benutzererfahrung zu bieten.<\/p>\n<h2>Werbung (test_cookie)<\/h2>\n<div class=\"flex max-w-full flex-col flex-grow\">\n<div class=\"min-h-[20px] text-message flex w-full flex-col items-end gap-2 break-words [.text-message+&amp;]:mt-5 overflow-x-auto whitespace-normal\" dir=\"auto\" data-message-author-role=\"assistant\" data-message-id=\"78bb82f4-4ed0-4601-a041-86a331b795a8\">\n<div class=\"flex w-full flex-col gap-1 empty:hidden first:pt-[3px]\">\n<div class=\"markdown prose w-full break-words dark:prose-invert light\">\n<p>Werbe-Cookies werden verwendet, um den Besuchern personalisierte Werbung basierend auf den zuvor besuchten Seiten bereitzustellen und die Effektivit\u00e4t der Werbekampagnen zu analysieren<\/p>\n<\/div>\n<\/div>\n<\/div>\n<\/div>\n\t\t\t\t\t\t<\/div>\n\t\t\t\t<\/div>\n\t\t\t\t\t<\/div>\n\t\t\t\t<\/div>\n\t\t\t\t<\/div>\n\t\t","protected":false},"excerpt":{"rendered":"<p>Ein Cookie ist eine kleine Computerdatei oder Information, die auf der Festplatte Ihres Computers gespeichert werden kann, wenn Sie unsere Websites besuchen. Wir k\u00f6nnen Cookies verwenden, um die Funktionalit\u00e4t unserer Website zu verbessern und in einigen F\u00e4llen, um den Besuchern eine individuell angepasste Online-Erfahrung zu bieten. Wir verwenden Cookies, um Ihnen eine effiziente Navigation zu<\/p>\n","protected":false},"author":1,"featured_media":0,"parent":0,"menu_order":0,"comment_status":"closed","ping_status":"closed","template":"","meta":{"two_page_speed":[],"footnotes":""},"class_list":["post-8817","page","type-page","status-publish","hentry"],"_links":{"self":[{"href":"https:\/\/godunaserbien.com\/de\/wp-json\/wp\/v2\/pages\/8817","targetHints":{"allow":["GET"]}}],"collection":[{"href":"https:\/\/godunaserbien.com\/de\/wp-json\/wp\/v2\/pages"}],"about":[{"href":"https:\/\/godunaserbien.com\/de\/wp-json\/wp\/v2\/types\/page"}],"author":[{"embeddable":true,"href":"https:\/\/godunaserbien.com\/de\/wp-json\/wp\/v2\/users\/1"}],"replies":[{"embeddable":true,"href":"https:\/\/godunaserbien.com\/de\/wp-json\/wp\/v2\/comments?post=8817"}],"version-history":[{"count":2,"href":"https:\/\/godunaserbien.com\/de\/wp-json\/wp\/v2\/pages\/8817\/revisions"}],"predecessor-version":[{"id":10570,"href":"https:\/\/godunaserbien.com\/de\/wp-json\/wp\/v2\/pages\/8817\/revisions\/10570"}],"wp:attachment":[{"href":"https:\/\/godunaserbien.com\/de\/wp-json\/wp\/v2\/media?parent=8817"}],"curies":[{"name":"wp","href":"https:\/\/api.w.org\/{rel}","templated":true}]}}