{"id":9687,"date":"2024-08-07T21:21:30","date_gmt":"2024-08-07T19:21:30","guid":{"rendered":"https:\/\/godunaserbien.com\/services\/"},"modified":"2026-04-24T10:27:41","modified_gmt":"2026-04-24T08:27:41","slug":"usluge","status":"publish","type":"page","link":"https:\/\/godunaserbien.com\/sr\/usluge\/","title":{"rendered":"Usluge"},"content":{"rendered":"\t\t<div data-elementor-type=\"wp-page\" data-elementor-id=\"9687\" class=\"elementor elementor-9687 elementor-6266 elementor-bc-flex-widget\" data-elementor-post-type=\"page\">\n\t\t\t\t\t\t<section class=\"elementor-section elementor-top-section elementor-element elementor-element-16f1dcd elementor-section-boxed elementor-section-height-default elementor-section-height-default\" data-id=\"16f1dcd\" data-element_type=\"section\">\n\t\t\t\t\t\t<div class=\"elementor-container elementor-column-gap-default\">\n\t\t\t\t\t<div class=\"elementor-column elementor-col-100 elementor-top-column elementor-element elementor-element-16f21b6\" data-id=\"16f21b6\" data-element_type=\"column\">\n\t\t\t<div class=\"elementor-widget-wrap elementor-element-populated\">\n\t\t\t\t\t\t<div class=\"elementor-element elementor-element-16f2565 elementor-widget elementor-widget-stm_services\" data-id=\"16f2565\" data-element_type=\"widget\" data-widget_type=\"stm_services.default\">\n\t\t\t\t<div class=\"elementor-widget-container\">\n\t\t\t\n    <div class=\"stm_services consulting_elementor_services style_6 cols_3\">\n                                <div class=\"item\">\n                <div class=\"item_wr\">\n                                                            <div class=\"content\" >\n                                                                            <h5>\n                                <a href=\"https:\/\/godunaserbien.com\/sr\/service\/bookkeeping-2\/\"\n                                                                       class=\"text_decoration_none secondary_font_color_hv\">Knjigovodstvo<\/a>\n                            <\/h5>\n                                                                            <p>Efikasno knjigovodstvo je klju\u010dno za svaki posao, osiguravajuc\u0301i ta\u010dne finansijske evidencije, uskla\u0111enost sa lokalnim propisima i informisano dono\u0161enje odluka. U Srbiji, dobro struktuiran sistem knjigovodstva obuhvata transferne cene, vo\u0111enje glavne knjige, obra\u010dun PDV-a, pripremu godi\u0161njih finansijskih izve\u0161taja, isplata zarada i podno\u0161enje poreskih prijava. Vo\u0111enje glavne knjige Glavna knjiga je osnovna\u00a0 finansijska evidencija kompanije koja sadr\u017ei<\/p>\n                                                                            <a class=\"read_more\"\n                               href=\"https:\/\/godunaserbien.com\/sr\/service\/bookkeeping-2\/\" >\n                                <span>read more<\/span>\n                                <i class=\" fa fa-chevron-right stm_icon\"><\/i>\n                            <\/a>\n                                            <\/div>\n                <\/div>\n            <\/div>\n                                <div class=\"item\">\n                <div class=\"item_wr\">\n                                                            <div class=\"content\" >\n                                                                            <h5>\n                                <a href=\"https:\/\/godunaserbien.com\/sr\/service\/foreigners-affairs-in-serbia\/\"\n                                                                       class=\"text_decoration_none secondary_font_color_hv\">Strani dr\u017eavljani<\/a>\n                            <\/h5>\n                                                                            <p>U sve vi\u0161e globalizovanom svetu, Srbija je postala popularna destinacija za strane dr\u017eavljane koji tra\u017ee posao, privremeni boravak ili dr\u017eavljanstvo. Kretanje kroz zakonske zahteve i birokratske procedure uklju\u010dene u ove procese mo\u017ee biti izazovno. Na\u0161e sveobuhvatne usluge za poslove sa strancima su dizajnirane da pomognu i zastupaju klijente u dobijanju radnih dozvola, privremenog boravka i<\/p>\n                                                                            <a class=\"read_more\"\n                               href=\"https:\/\/godunaserbien.com\/sr\/service\/foreigners-affairs-in-serbia\/\" >\n                                <span>read more<\/span>\n                                <i class=\" fa fa-chevron-right stm_icon\"><\/i>\n                            <\/a>\n                                            <\/div>\n                <\/div>\n            <\/div>\n                                <div class=\"item\">\n                <div class=\"item_wr\">\n                                                            <div class=\"content\" >\n                                                                            <h5>\n                                <a href=\"https:\/\/godunaserbien.com\/sr\/service\/company-registration-in-serbia\/\"\n                                                                       class=\"text_decoration_none secondary_font_color_hv\">Osnivanje kompanije u Srbiji<\/a>\n                            <\/h5>\n                                                                            <p>Srbija sve vi\u0161e postaje privla\u010dna destinacija za preduzetnike i kompanije koje \u017eele da pro\u0161ire svoje poslovanje u Evropi. Svojom strate\u0161kom lokacijom, povoljnom poreskom politikom i rastuc\u0301om ekonomijom, Srbija nudi brojne pogodnosti investitorima. Koraci koji se moraju preduzeti da bi se osnovala kompanija su: Registracija kompanije Registracija kompanije je prvi korak u osnivanju privrednog dru\u0161tva u<\/p>\n                                                                            <a class=\"read_more\"\n                               href=\"https:\/\/godunaserbien.com\/sr\/service\/company-registration-in-serbia\/\" >\n                                <span>read more<\/span>\n                                <i class=\" fa fa-chevron-right stm_icon\"><\/i>\n                            <\/a>\n                                            <\/div>\n                <\/div>\n            <\/div>\n                                <div class=\"item\">\n                <div class=\"item_wr\">\n                                                            <div class=\"content\" >\n                                                                            <h5>\n                                <a href=\"https:\/\/godunaserbien.com\/sr\/service\/business-documentation\/\"\n                                                                       class=\"text_decoration_none secondary_font_color_hv\">Poslovna dokumentacija<\/a>\n                            <\/h5>\n                                                                            <p>Odr\u017eavanje ta\u010dne i temeljne poslovne dokumentacije je od su\u0161tinskog zna\u010daja za obezbe\u0111ivanje operativne efikasnosti, usagla\u0161enosti sa zakonima i efikasnog dono\u0161enja odluka. Na\u0161e sveobuhvatne usluge poslovne dokumentacije su dizajnirane da podr\u017ee kompanije u Srbiji sa svim njihovim potrebama za dokumentacijom, od zakonske i finansijske uskla\u0111enosti do strate\u0161kog planiranja i internog upravljanja. Evo pregleda onoga \u0161to nudimo:<\/p>\n                                                                            <a class=\"read_more\"\n                               href=\"https:\/\/godunaserbien.com\/sr\/service\/business-documentation\/\" >\n                                <span>read more<\/span>\n                                <i class=\" fa fa-chevron-right stm_icon\"><\/i>\n                            <\/a>\n                                            <\/div>\n                <\/div>\n            <\/div>\n                                <div class=\"item\">\n                <div class=\"item_wr\">\n                                                            <div class=\"content\" >\n                                                                            <h5>\n                                <a href=\"https:\/\/godunaserbien.com\/sr\/service\/legal-consulting\/\"\n                                                                       class=\"text_decoration_none secondary_font_color_hv\">Pravno savetovanje<\/a>\n                            <\/h5>\n                                                                            <p>Na\u0161e sveobuhvatne usluge pravnog savetovanja pokrivaju sve kriti\u010dne aspekte poslovanja, uklju\u010dujuc\u0301i registraciju u komercijalnom registru, spajanja i akvizicije (MA), promene vlasni\u010dke strukture, likvidaciju preduzec\u0301a, boravi\u0161ne i radne dozvole, radno pravo, kupovinu nekretnina i jo\u0161 mnogo toga. spajanja i akvizicije (MA) Spajanja i akvizicije su slo\u017eeni pravni koraci koji zahtevaju temeljnu pravnu analizu i strate\u0161ko planiranje<\/p>\n                                                                            <a class=\"read_more\"\n                               href=\"https:\/\/godunaserbien.com\/sr\/service\/legal-consulting\/\" >\n                                <span>read more<\/span>\n                                <i class=\" fa fa-chevron-right stm_icon\"><\/i>\n                            <\/a>\n                                            <\/div>\n                <\/div>\n            <\/div>\n                                <div class=\"item\">\n                <div class=\"item_wr\">\n                                                            <div class=\"content\" >\n                                                                            <h5>\n                                <a href=\"https:\/\/godunaserbien.com\/sr\/service\/tax-consulting\/\"\n                                                                       class=\"text_decoration_none secondary_font_color_hv\">Poresko savetovanje<\/a>\n                            <\/h5>\n                                                                            <p>Kretanje kroz kompleksnost poreskog sistema Srbije zahteva stru\u010dno znanje i strate\u0161ko planiranje. Na\u0161e usluge poreskog savetovanja su dizajnirane da pomognu pojedincima i preduzec\u0301ima da optimizuju svoje poreske pozicije, po\u0161tuju lokalne propise i postignu finansijsku efikasnost. Godi\u0161nji porez Godi\u0161nji porez u Srbiji primenjuje se na fizi\u010dka lica sa zna\u010dajnim prihodima od zarade, nekretnine, \u0161tednje, investicije i<\/p>\n                                                                            <a class=\"read_more\"\n                               href=\"https:\/\/godunaserbien.com\/sr\/service\/tax-consulting\/\" >\n                                <span>read more<\/span>\n                                <i class=\" fa fa-chevron-right stm_icon\"><\/i>\n                            <\/a>\n                                            <\/div>\n                <\/div>\n            <\/div>\n            <\/div>\n\t\t<\/div>\n\t\t\t\t<\/div>\n\t\t\t\t\t<\/div>\n\t\t<\/div>\n\t\t\t\t\t<\/div>\n\t\t<\/section>\n\t\t\t\t<\/div>\n\t\t","protected":false},"excerpt":{"rendered":"<p>[vc_row][vc_column][stm_services posts_per_page=&#8221;12&#8243; posts_per_row=&#8221;3&#8243; img_size=&#8221;360&#215;180&#8243; style=&#8221;style_6&#8243;][\/vc_column][\/vc_row]<\/p>\n","protected":false},"author":1,"featured_media":0,"parent":0,"menu_order":0,"comment_status":"closed","ping_status":"closed","template":"","meta":{"two_page_speed":[],"footnotes":""},"class_list":["post-9687","page","type-page","status-publish","hentry"],"_links":{"self":[{"href":"https:\/\/godunaserbien.com\/sr\/wp-json\/wp\/v2\/pages\/9687","targetHints":{"allow":["GET"]}}],"collection":[{"href":"https:\/\/godunaserbien.com\/sr\/wp-json\/wp\/v2\/pages"}],"about":[{"href":"https:\/\/godunaserbien.com\/sr\/wp-json\/wp\/v2\/types\/page"}],"author":[{"embeddable":true,"href":"https:\/\/godunaserbien.com\/sr\/wp-json\/wp\/v2\/users\/1"}],"replies":[{"embeddable":true,"href":"https:\/\/godunaserbien.com\/sr\/wp-json\/wp\/v2\/comments?post=9687"}],"version-history":[{"count":3,"href":"https:\/\/godunaserbien.com\/sr\/wp-json\/wp\/v2\/pages\/9687\/revisions"}],"predecessor-version":[{"id":10391,"href":"https:\/\/godunaserbien.com\/sr\/wp-json\/wp\/v2\/pages\/9687\/revisions\/10391"}],"wp:attachment":[{"href":"https:\/\/godunaserbien.com\/sr\/wp-json\/wp\/v2\/media?parent=9687"}],"curies":[{"name":"wp","href":"https:\/\/api.w.org\/{rel}","templated":true}]}}